{"id":21,"date":"2016-06-06T21:42:48","date_gmt":"2016-06-06T20:42:48","guid":{"rendered":"http:\/\/www.optika-rkm.cz\/?page_id=21"},"modified":"2021-05-04T11:59:25","modified_gmt":"2021-05-04T10:59:25","slug":"kontaktni-udaje","status":"publish","type":"page","link":"https:\/\/www.optika-rkm.cz\/?page_id=21","title":{"rendered":"Kontaktn\u00ed \u00fadaje"},"content":{"rendered":"<header class=\"entry-header\"><\/header>\n<header class=\"entry-header\">\n<p style=\"text-align: center;\"><img loading=\"lazy\" decoding=\"async\" class=\"alignnone wp-image-335\" src=\"https:\/\/www.optika-rkm.cz\/wp-content\/uploads\/2016\/06\/web-logoV-300x151.jpg\" alt=\"web logoV\" width=\"350\" height=\"176\" srcset=\"https:\/\/www.optika-rkm.cz\/wp-content\/uploads\/2016\/06\/web-logoV-300x151.jpg 300w, https:\/\/www.optika-rkm.cz\/wp-content\/uploads\/2016\/06\/web-logoV-768x386.jpg 768w, https:\/\/www.optika-rkm.cz\/wp-content\/uploads\/2016\/06\/web-logoV-520x261.jpg 520w, https:\/\/www.optika-rkm.cz\/wp-content\/uploads\/2016\/06\/web-logoV-740x372.jpg 740w, https:\/\/www.optika-rkm.cz\/wp-content\/uploads\/2016\/06\/web-logoV.jpg 952w\" sizes=\"auto, (max-width: 350px) 100vw, 350px\" \/><\/p>\n<p style=\"text-align: center;\"><strong>Perfektservis R.K.M. spol. s r. o.<\/strong><\/p>\n<p style=\"text-align: center;\"><strong>Bene\u0161ova 46, 586 01 Jihlava<\/strong><\/p>\n<\/header>\n<div class=\"entry-content\">\n<p style=\"text-align: center;\"><strong>I\u010c:<\/strong> 46983104\u00a0 <strong>DI\u010c:<\/strong> CZ46983104<\/p>\n<p style=\"text-align: center;\"><strong>tel.:<\/strong> 567 309 363<\/p>\n<p style=\"text-align: center;\"><strong>e-mail:<\/strong> perfektservis@seznam.cz<\/p>\n<\/div>\n<p style=\"text-align: center;\"><strong>Odpov. vedouc\u00ed:<\/strong> Zden\u011bk \u0160ebesta<\/p>\n<div class=\"entry-content\">\n<p style=\"text-align: center;\">\n<p style=\"text-align: justify;\">\n<\/div>\n","protected":false},"excerpt":{"rendered":"<p>Perfektservis R.K.M. spol. s r. o. Bene\u0161ova 46, 586 01 Jihlava I\u010c: 46983104\u00a0 DI\u010c: CZ46983104 tel.: 567 309 363 e-mail: perfektservis@seznam.cz Odpov. vedouc\u00ed: Zden\u011bk \u0160ebesta<\/p>\n","protected":false},"author":2,"featured_media":0,"parent":0,"menu_order":0,"comment_status":"closed","ping_status":"closed","template":"","meta":{"footnotes":""},"class_list":["post-21","page","type-page","status-publish","hentry"],"_links":{"self":[{"href":"https:\/\/www.optika-rkm.cz\/index.php?rest_route=\/wp\/v2\/pages\/21","targetHints":{"allow":["GET"]}}],"collection":[{"href":"https:\/\/www.optika-rkm.cz\/index.php?rest_route=\/wp\/v2\/pages"}],"about":[{"href":"https:\/\/www.optika-rkm.cz\/index.php?rest_route=\/wp\/v2\/types\/page"}],"author":[{"embeddable":true,"href":"https:\/\/www.optika-rkm.cz\/index.php?rest_route=\/wp\/v2\/users\/2"}],"replies":[{"embeddable":true,"href":"https:\/\/www.optika-rkm.cz\/index.php?rest_route=%2Fwp%2Fv2%2Fcomments&post=21"}],"version-history":[{"count":31,"href":"https:\/\/www.optika-rkm.cz\/index.php?rest_route=\/wp\/v2\/pages\/21\/revisions"}],"predecessor-version":[{"id":1143,"href":"https:\/\/www.optika-rkm.cz\/index.php?rest_route=\/wp\/v2\/pages\/21\/revisions\/1143"}],"wp:attachment":[{"href":"https:\/\/www.optika-rkm.cz\/index.php?rest_route=%2Fwp%2Fv2%2Fmedia&parent=21"}],"curies":[{"name":"wp","href":"https:\/\/api.w.org\/{rel}","templated":true}]}}