{"id":13,"date":"2016-06-06T20:47:29","date_gmt":"2016-06-06T19:47:29","guid":{"rendered":"http:\/\/www.optika-rkm.cz\/?page_id=13"},"modified":"2026-01-20T11:25:44","modified_gmt":"2026-01-20T10:25:44","slug":"otviraci-doba","status":"publish","type":"page","link":"https:\/\/www.optika-rkm.cz\/?page_id=13","title":{"rendered":"Otev\u00edrac\u00ed doba"},"content":{"rendered":"<h1 style=\"text-align: center;\"><\/h1>\n<hr \/>\n<h1 style=\"text-align: center;\">Prodejna Jihlava:\u00a0Bene\u0161ova 46<\/h1>\n<p style=\"text-align: center;\"><img loading=\"lazy\" decoding=\"async\" class=\"alignnone wp-image-459\" src=\"https:\/\/www.optika-rkm.cz\/wp-content\/uploads\/2016\/06\/obr205-300x205.jpg\" alt=\"\" width=\"255\" height=\"174\" srcset=\"https:\/\/www.optika-rkm.cz\/wp-content\/uploads\/2016\/06\/obr205-300x205.jpg 300w, https:\/\/www.optika-rkm.cz\/wp-content\/uploads\/2016\/06\/obr205-768x526.jpg 768w, https:\/\/www.optika-rkm.cz\/wp-content\/uploads\/2016\/06\/obr205-1024x701.jpg 1024w, https:\/\/www.optika-rkm.cz\/wp-content\/uploads\/2016\/06\/obr205-520x356.jpg 520w, https:\/\/www.optika-rkm.cz\/wp-content\/uploads\/2016\/06\/obr205-740x507.jpg 740w\" sizes=\"auto, (max-width: 255px) 100vw, 255px\" \/><\/p>\n<h1 style=\"text-align: center;\"><strong>Po-P\u00e1:<\/strong> 8:00-11:30\u00a0 \u00a012:30-17:00<\/h1>\n<p style=\"text-align: center;\"><strong>Odpov. vedouc\u00ed:<\/strong> Zden\u011bk \u0160ebesta<\/p>\n<h3 style=\"text-align: center;\"><strong>Tel.:<\/strong> 567 309 363<\/h3>\n<hr \/>\n<h1 style=\"text-align: center;\">Prodejna Poln\u00e1:\u00a0Husovo N\u00e1m. 27<\/h1>\n<h1 style=\"text-align: center;\"><strong>Po-P\u00e1:<\/strong> 9:00\u00a0 &#8211;\u00a0 16:00<\/h1>\n<p style=\"text-align: center;\"><strong>Odpov. vedouc\u00ed:<\/strong> Kate\u0159ina Tomasov\u00e1<\/p>\n<h3 style=\"text-align: center;\">tel.: 775 941 817<\/h3>\n<h3 style=\"text-align: center;\"><\/h3>\n","protected":false},"excerpt":{"rendered":"<p>Prodejna Jihlava:\u00a0Bene\u0161ova 46 Po-P\u00e1: 8:00-11:30\u00a0 \u00a012:30-17:00 Odpov. vedouc\u00ed: Zden\u011bk \u0160ebesta Tel.: 567 309 363 Prodejna Poln\u00e1:\u00a0Husovo N\u00e1m. 27 Po-P\u00e1: 9:00\u00a0 &#8211;\u00a0 16:00 Odpov. vedouc\u00ed: Kate\u0159ina Tomasov\u00e1 tel.: 775 941 817<\/p>\n","protected":false},"author":2,"featured_media":0,"parent":0,"menu_order":0,"comment_status":"closed","ping_status":"closed","template":"","meta":{"footnotes":""},"class_list":["post-13","page","type-page","status-publish","hentry"],"_links":{"self":[{"href":"https:\/\/www.optika-rkm.cz\/index.php?rest_route=\/wp\/v2\/pages\/13","targetHints":{"allow":["GET"]}}],"collection":[{"href":"https:\/\/www.optika-rkm.cz\/index.php?rest_route=\/wp\/v2\/pages"}],"about":[{"href":"https:\/\/www.optika-rkm.cz\/index.php?rest_route=\/wp\/v2\/types\/page"}],"author":[{"embeddable":true,"href":"https:\/\/www.optika-rkm.cz\/index.php?rest_route=\/wp\/v2\/users\/2"}],"replies":[{"embeddable":true,"href":"https:\/\/www.optika-rkm.cz\/index.php?rest_route=%2Fwp%2Fv2%2Fcomments&post=13"}],"version-history":[{"count":40,"href":"https:\/\/www.optika-rkm.cz\/index.php?rest_route=\/wp\/v2\/pages\/13\/revisions"}],"predecessor-version":[{"id":1219,"href":"https:\/\/www.optika-rkm.cz\/index.php?rest_route=\/wp\/v2\/pages\/13\/revisions\/1219"}],"wp:attachment":[{"href":"https:\/\/www.optika-rkm.cz\/index.php?rest_route=%2Fwp%2Fv2%2Fmedia&parent=13"}],"curies":[{"name":"wp","href":"https:\/\/api.w.org\/{rel}","templated":true}]}}